{"id":96,"date":"2024-09-09T15:22:59","date_gmt":"2024-09-09T20:22:59","guid":{"rendered":"https:\/\/institutoapec.edu.pa\/?page_id=96"},"modified":"2024-10-08T12:02:18","modified_gmt":"2024-10-08T17:02:18","slug":"curso-de-cosmetologia","status":"publish","type":"page","link":"https:\/\/institutoapec.edu.pa\/?page_id=96","title":{"rendered":"Curso de cosmetolog\u00eda"},"content":{"rendered":"\t\t<div data-elementor-type=\"wp-page\" data-elementor-id=\"96\" class=\"elementor elementor-96\">\n\t\t\t\t<div class=\"elementor-element elementor-element-6c534f4e e-con-full e-flex e-con e-parent\" data-id=\"6c534f4e\" data-element_type=\"container\" data-settings=\"{&quot;background_background&quot;:&quot;video&quot;,&quot;background_video_link&quot;:&quot;https:\\\/\\\/youtu.be\\\/b6T3sQgQKbY&quot;,&quot;background_video_start&quot;:1,&quot;background_play_on_mobile&quot;:&quot;yes&quot;}\">\n\t\t<div class=\"elementor-background-video-container\">\n\t\t\t\t\t\t\t<div class=\"elementor-background-video-embed\"><\/div>\n\t\t\t\t\t\t<\/div>\t\t<div class=\"elementor-element elementor-element-1b145b4e elementor-widget elementor-widget-spacer\" data-id=\"1b145b4e\" data-element_type=\"widget\" data-widget_type=\"spacer.default\">\n\t\t\t\t<div class=\"elementor-widget-container\">\n\t\t\t<style>\/*! elementor - v3.23.0 - 05-08-2024 *\/\n.elementor-column .elementor-spacer-inner{height:var(--spacer-size)}.e-con{--container-widget-width:100%}.e-con-inner>.elementor-widget-spacer,.e-con>.elementor-widget-spacer{width:var(--container-widget-width,var(--spacer-size));--align-self:var(--container-widget-align-self,initial);--flex-shrink:0}.e-con-inner>.elementor-widget-spacer>.elementor-widget-container,.e-con>.elementor-widget-spacer>.elementor-widget-container{height:100%;width:100%}.e-con-inner>.elementor-widget-spacer>.elementor-widget-container>.elementor-spacer,.e-con>.elementor-widget-spacer>.elementor-widget-container>.elementor-spacer{height:100%}.e-con-inner>.elementor-widget-spacer>.elementor-widget-container>.elementor-spacer>.elementor-spacer-inner,.e-con>.elementor-widget-spacer>.elementor-widget-container>.elementor-spacer>.elementor-spacer-inner{height:var(--container-widget-height,var(--spacer-size))}.e-con-inner>.elementor-widget-spacer.elementor-widget-empty,.e-con>.elementor-widget-spacer.elementor-widget-empty{position:relative;min-height:22px;min-width:22px}.e-con-inner>.elementor-widget-spacer.elementor-widget-empty .elementor-widget-empty-icon,.e-con>.elementor-widget-spacer.elementor-widget-empty .elementor-widget-empty-icon{position:absolute;top:0;bottom:0;left:0;right:0;margin:auto;padding:0;width:22px;height:22px}<\/style>\t\t<div class=\"elementor-spacer\">\n\t\t\t<div class=\"elementor-spacer-inner\"><\/div>\n\t\t<\/div>\n\t\t\t\t<\/div>\n\t\t\t\t<\/div>\n\t\t\t\t<div class=\"elementor-element elementor-element-5f4e5646 elementor-widget elementor-widget-heading\" data-id=\"5f4e5646\" data-element_type=\"widget\" data-widget_type=\"heading.default\">\n\t\t\t\t<div class=\"elementor-widget-container\">\n\t\t\t<style>\/*! elementor - v3.23.0 - 05-08-2024 *\/\n.elementor-heading-title{padding:0;margin:0;line-height:1}.elementor-widget-heading .elementor-heading-title[class*=elementor-size-]>a{color:inherit;font-size:inherit;line-height:inherit}.elementor-widget-heading .elementor-heading-title.elementor-size-small{font-size:15px}.elementor-widget-heading .elementor-heading-title.elementor-size-medium{font-size:19px}.elementor-widget-heading .elementor-heading-title.elementor-size-large{font-size:29px}.elementor-widget-heading .elementor-heading-title.elementor-size-xl{font-size:39px}.elementor-widget-heading .elementor-heading-title.elementor-size-xxl{font-size:59px}<\/style><h2 class=\"elementor-heading-title elementor-size-default\">MATRICULAS ABIERTAS<\/h2>\t\t<\/div>\n\t\t\t\t<\/div>\n\t\t\t\t<div class=\"elementor-element elementor-element-53ec5da2 elementor-widget elementor-widget-text-editor\" data-id=\"53ec5da2\" data-element_type=\"widget\" data-widget_type=\"text-editor.default\">\n\t\t\t\t<div class=\"elementor-widget-container\">\n\t\t\t<style>\/*! elementor - v3.23.0 - 05-08-2024 *\/\n.elementor-widget-text-editor.elementor-drop-cap-view-stacked .elementor-drop-cap{background-color:#69727d;color:#fff}.elementor-widget-text-editor.elementor-drop-cap-view-framed .elementor-drop-cap{color:#69727d;border:3px solid;background-color:transparent}.elementor-widget-text-editor:not(.elementor-drop-cap-view-default) .elementor-drop-cap{margin-top:8px}.elementor-widget-text-editor:not(.elementor-drop-cap-view-default) .elementor-drop-cap-letter{width:1em;height:1em}.elementor-widget-text-editor .elementor-drop-cap{float:left;text-align:center;line-height:1;font-size:50px}.elementor-widget-text-editor .elementor-drop-cap-letter{display:inline-block}<\/style>\t\t\t\t<h4><span style=\"color: #fbf7f7; font-size: 26px; font-weight: 400;\">Cursos de Est\u00e9tica y cosmetolog\u00eda, orientados a la formaci\u00f3n profesional en la primerea etapa educativa.<\/span><\/h4>\t\t\t\t\t\t<\/div>\n\t\t\t\t<\/div>\n\t\t\t\t<div class=\"elementor-element elementor-element-3b6072e3 elementor-align-center elementor-widget elementor-widget-button\" data-id=\"3b6072e3\" data-element_type=\"widget\" data-widget_type=\"button.default\">\n\t\t\t\t<div class=\"elementor-widget-container\">\n\t\t\t\t\t<div class=\"elementor-button-wrapper\">\n\t\t\t<a class=\"elementor-button elementor-button-link elementor-size-sm\" href=\"http:\/\/wa.link\/tc9dep\">\n\t\t\t\t\t\t<span class=\"elementor-button-content-wrapper\">\n\t\t\t\t\t\t\t\t\t<span class=\"elementor-button-text\">Contacto<\/span>\n\t\t\t\t\t<\/span>\n\t\t\t\t\t<\/a>\n\t\t<\/div>\n\t\t\t\t<\/div>\n\t\t\t\t<\/div>\n\t\t\t\t<\/div>\n\t\t<div class=\"elementor-element elementor-element-550e062c e-flex e-con-boxed e-con e-parent\" data-id=\"550e062c\" data-element_type=\"container\">\n\t\t\t\t\t<div class=\"e-con-inner\">\n\t\t<div class=\"elementor-element elementor-element-bc5cc94 e-con-full e-flex e-con e-child\" data-id=\"bc5cc94\" data-element_type=\"container\">\n\t\t<div class=\"elementor-element elementor-element-66da5020 e-con-full e-flex e-con e-child\" data-id=\"66da5020\" data-element_type=\"container\">\n\t\t\t\t<div class=\"elementor-element elementor-element-56922e05 elementor-widget elementor-widget-image\" data-id=\"56922e05\" data-element_type=\"widget\" data-widget_type=\"image.default\">\n\t\t\t\t<div class=\"elementor-widget-container\">\n\t\t\t<style>\/*! elementor - v3.23.0 - 05-08-2024 *\/\n.elementor-widget-image{text-align:center}.elementor-widget-image a{display:inline-block}.elementor-widget-image a img[src$=\".svg\"]{width:48px}.elementor-widget-image img{vertical-align:middle;display:inline-block}<\/style>\t\t\t\t\t\t\t\t\t\t<img fetchpriority=\"high\" decoding=\"async\" width=\"1024\" height=\"1024\" src=\"https:\/\/institutoapec.edu.pa\/wp-content\/uploads\/2024\/10\/APEC-SSMesa-de-trabajo-14-1024x1024.png\" class=\"elementor-animation-bounce-in attachment-large size-large wp-image-1026\" alt=\"\" srcset=\"https:\/\/institutoapec.edu.pa\/wp-content\/uploads\/2024\/10\/APEC-SSMesa-de-trabajo-14-1024x1024.png 1024w, https:\/\/institutoapec.edu.pa\/wp-content\/uploads\/2024\/10\/APEC-SSMesa-de-trabajo-14-300x300.png 300w, https:\/\/institutoapec.edu.pa\/wp-content\/uploads\/2024\/10\/APEC-SSMesa-de-trabajo-14-150x150.png 150w, https:\/\/institutoapec.edu.pa\/wp-content\/uploads\/2024\/10\/APEC-SSMesa-de-trabajo-14-768x768.png 768w, https:\/\/institutoapec.edu.pa\/wp-content\/uploads\/2024\/10\/APEC-SSMesa-de-trabajo-14-1536x1536.png 1536w, https:\/\/institutoapec.edu.pa\/wp-content\/uploads\/2024\/10\/APEC-SSMesa-de-trabajo-14.png 1920w\" sizes=\"(max-width: 1024px) 100vw, 1024px\" \/>\t\t\t\t\t\t\t\t\t\t\t\t\t<\/div>\n\t\t\t\t<\/div>\n\t\t\t\t<\/div>\n\t\t\t\t<\/div>\n\t\t<div class=\"elementor-element elementor-element-699460b0 e-con-full e-flex e-con e-child\" data-id=\"699460b0\" data-element_type=\"container\">\n\t\t\t\t<div class=\"elementor-element elementor-element-3eb42f3 elementor-widget elementor-widget-spacer\" data-id=\"3eb42f3\" data-element_type=\"widget\" data-widget_type=\"spacer.default\">\n\t\t\t\t<div class=\"elementor-widget-container\">\n\t\t\t\t\t<div class=\"elementor-spacer\">\n\t\t\t<div class=\"elementor-spacer-inner\"><\/div>\n\t\t<\/div>\n\t\t\t\t<\/div>\n\t\t\t\t<\/div>\n\t\t\t\t<div class=\"elementor-element elementor-element-0ae4d9c elementor-widget elementor-widget-heading\" data-id=\"0ae4d9c\" data-element_type=\"widget\" data-widget_type=\"heading.default\">\n\t\t\t\t<div class=\"elementor-widget-container\">\n\t\t\t<h2 class=\"elementor-heading-title elementor-size-default\">Est\u00e9tica y cosmetolog\u00eda <\/h2>\t\t<\/div>\n\t\t\t\t<\/div>\n\t\t\t\t<div class=\"elementor-element elementor-element-35e6befa elementor-widget elementor-widget-heading\" data-id=\"35e6befa\" data-element_type=\"widget\" data-widget_type=\"heading.default\">\n\t\t\t\t<div class=\"elementor-widget-container\">\n\t\t\t<h3 class=\"elementor-heading-title elementor-size-default\">\u00bfPorque un curso de Est\u00e9tica?<\/h3>\t\t<\/div>\n\t\t\t\t<\/div>\n\t\t\t\t<div class=\"elementor-element elementor-element-5ddab292 elementor-widget elementor-widget-text-editor\" data-id=\"5ddab292\" data-element_type=\"widget\" data-widget_type=\"text-editor.default\">\n\t\t\t\t<div class=\"elementor-widget-container\">\n\t\t\t\t\t\t\t<p>Este curso te proporciona no solo las herramientas para ingresar a un sector en auge, sino tambi\u00e9n las habilidades para emprender, ofrecer servicios de calidad y mejorar la autoestima de quienes conf\u00edan en tu trabajo. Es una inversi\u00f3n en tu futuro profesional y personal.<\/p>\t\t\t\t\t\t<\/div>\n\t\t\t\t<\/div>\n\t\t\t\t<div class=\"elementor-element elementor-element-ea7526f elementor-mobile-align-center elementor-invisible elementor-widget elementor-widget-button\" data-id=\"ea7526f\" data-element_type=\"widget\" data-settings=\"{&quot;_animation&quot;:&quot;fadeInDown&quot;}\" data-widget_type=\"button.default\">\n\t\t\t\t<div class=\"elementor-widget-container\">\n\t\t\t\t\t<div class=\"elementor-button-wrapper\">\n\t\t\t<a class=\"elementor-button elementor-button-link elementor-size-sm\" href=\"http:\/\/wa.link\/tc9dep\">\n\t\t\t\t\t\t<span class=\"elementor-button-content-wrapper\">\n\t\t\t\t\t\t\t\t\t<span class=\"elementor-button-text\">Matricularme<\/span>\n\t\t\t\t\t<\/span>\n\t\t\t\t\t<\/a>\n\t\t<\/div>\n\t\t\t\t<\/div>\n\t\t\t\t<\/div>\n\t\t\t\t<\/div>\n\t\t\t\t\t<\/div>\n\t\t\t\t<\/div>\n\t\t<div class=\"elementor-element elementor-element-77c1baa1 e-flex e-con-boxed e-con e-parent\" data-id=\"77c1baa1\" data-element_type=\"container\">\n\t\t\t\t\t<div class=\"e-con-inner\">\n\t\t\t\t<div class=\"elementor-element elementor-element-f4cd040 elementor-widget elementor-widget-spacer\" data-id=\"f4cd040\" data-element_type=\"widget\" data-widget_type=\"spacer.default\">\n\t\t\t\t<div class=\"elementor-widget-container\">\n\t\t\t\t\t<div class=\"elementor-spacer\">\n\t\t\t<div class=\"elementor-spacer-inner\"><\/div>\n\t\t<\/div>\n\t\t\t\t<\/div>\n\t\t\t\t<\/div>\n\t\t\t\t\t<\/div>\n\t\t\t\t<\/div>\n\t\t<div class=\"elementor-element elementor-element-7a9572d6 e-con-full e-flex e-con e-parent\" data-id=\"7a9572d6\" data-element_type=\"container\" data-settings=\"{&quot;background_background&quot;:&quot;classic&quot;}\">\n\t\t<div class=\"elementor-element elementor-element-3b38adc5 e-con-full e-flex e-con e-child\" data-id=\"3b38adc5\" data-element_type=\"container\">\n\t\t\t\t<div class=\"elementor-element elementor-element-4febb4cd elementor-widget elementor-widget-heading\" data-id=\"4febb4cd\" data-element_type=\"widget\" data-widget_type=\"heading.default\">\n\t\t\t\t<div class=\"elementor-widget-container\">\n\t\t\t<h2 class=\"elementor-heading-title elementor-size-default\">REQUISITOS<\/h2>\t\t<\/div>\n\t\t\t\t<\/div>\n\t\t\t\t<div class=\"elementor-element elementor-element-77f1e120 elementor-widget elementor-widget-text-editor\" data-id=\"77f1e120\" data-element_type=\"widget\" data-widget_type=\"text-editor.default\">\n\t\t\t\t<div class=\"elementor-widget-container\">\n\t\t\t\t\t\t\t<ul><li>Copia de la C\u00e9dula o Pasaporte.\u00a0<\/li><li>Llenar el formulario de ingreso a al curso<\/li><\/ul>\t\t\t\t\t\t<\/div>\n\t\t\t\t<\/div>\n\t\t\t\t<\/div>\n\t\t<div class=\"elementor-element elementor-element-61df9a2c e-con-full e-flex e-con e-child\" data-id=\"61df9a2c\" data-element_type=\"container\">\n\t\t\t\t<div class=\"elementor-element elementor-element-f2df5f4 elementor-widget elementor-widget-heading\" data-id=\"f2df5f4\" data-element_type=\"widget\" data-widget_type=\"heading.default\">\n\t\t\t\t<div class=\"elementor-widget-container\">\n\t\t\t<h2 class=\"elementor-heading-title elementor-size-default\">REQUISITOS<\/h2>\t\t<\/div>\n\t\t\t\t<\/div>\n\t\t\t\t<div class=\"elementor-element elementor-element-130e4467 elementor-widget elementor-widget-text-editor\" data-id=\"130e4467\" data-element_type=\"widget\" data-widget_type=\"text-editor.default\">\n\t\t\t\t<div class=\"elementor-widget-container\">\n\t\t\t\t\t\t\t<p><a href=\"https:\/\/institutoapec.edu.pa\/wp-content\/uploads\/2024\/10\/APEC_Curso-Estetica-y-Cosmetologia.pdf\">DescargarPDF<\/a><\/p>\t\t\t\t\t\t<\/div>\n\t\t\t\t<\/div>\n\t\t\t\t<div class=\"elementor-element elementor-element-1d67a895 elementor-widget elementor-widget-heading\" data-id=\"1d67a895\" data-element_type=\"widget\" data-widget_type=\"heading.default\">\n\t\t\t\t<div class=\"elementor-widget-container\">\n\t\t\t<h2 class=\"elementor-heading-title elementor-size-default\">Duraci\u00f3n <\/h2>\t\t<\/div>\n\t\t\t\t<\/div>\n\t\t\t\t<div class=\"elementor-element elementor-element-e0c7fa2 elementor-widget elementor-widget-text-editor\" data-id=\"e0c7fa2\" data-element_type=\"widget\" data-widget_type=\"text-editor.default\">\n\t\t\t\t<div class=\"elementor-widget-container\">\n\t\t\t\t\t\t\t<p>8 Meses<\/p>\t\t\t\t\t\t<\/div>\n\t\t\t\t<\/div>\n\t\t\t\t<\/div>\n\t\t<div class=\"elementor-element elementor-element-2e0b980b e-con-full e-flex e-con e-child\" data-id=\"2e0b980b\" data-element_type=\"container\">\n\t\t\t\t<div class=\"elementor-element elementor-element-15a467c6 elementor-widget elementor-widget-heading\" data-id=\"15a467c6\" data-element_type=\"widget\" data-widget_type=\"heading.default\">\n\t\t\t\t<div class=\"elementor-widget-container\">\n\t\t\t<h2 class=\"elementor-heading-title elementor-size-default\">CAMPO LABORAL<\/h2>\t\t<\/div>\n\t\t\t\t<\/div>\n\t\t\t\t<div class=\"elementor-element elementor-element-14f20f26 elementor-widget elementor-widget-spacer\" data-id=\"14f20f26\" data-element_type=\"widget\" data-widget_type=\"spacer.default\">\n\t\t\t\t<div class=\"elementor-widget-container\">\n\t\t\t\t\t<div class=\"elementor-spacer\">\n\t\t\t<div class=\"elementor-spacer-inner\"><\/div>\n\t\t<\/div>\n\t\t\t\t<\/div>\n\t\t\t\t<\/div>\n\t\t\t\t<div class=\"elementor-element elementor-element-2c022d3b elementor-widget elementor-widget-text-editor\" data-id=\"2c022d3b\" data-element_type=\"widget\" data-widget_type=\"text-editor.default\">\n\t\t\t\t<div class=\"elementor-widget-container\">\n\t\t\t\t\t\t\t<p>En el curso de est\u00e9tica del Instituto APEC, podr\u00e1s aprender una variedad de t\u00e9cnicas y conocimientos esenciales para el cuidado personal y la belleza.<\/p>\t\t\t\t\t\t<\/div>\n\t\t\t\t<\/div>\n\t\t\t\t<\/div>\n\t\t\t\t<\/div>\n\t\t<div class=\"elementor-element elementor-element-6ad109fc e-flex e-con-boxed e-con e-parent\" data-id=\"6ad109fc\" data-element_type=\"container\" data-settings=\"{&quot;background_background&quot;:&quot;slideshow&quot;,&quot;background_slideshow_gallery&quot;:[{&quot;id&quot;:253,&quot;url&quot;:&quot;https:\\\/\\\/institutoapec.edu.pa\\\/wp-content\\\/uploads\\\/2024\\\/09\\\/5-3.jpg&quot;},{&quot;id&quot;:36,&quot;url&quot;:&quot;https:\\\/\\\/institutoapec.edu.pa\\\/wp-content\\\/uploads\\\/2024\\\/09\\\/4.jpg&quot;}],&quot;background_slideshow_loop&quot;:&quot;yes&quot;,&quot;background_slideshow_slide_duration&quot;:5000,&quot;background_slideshow_slide_transition&quot;:&quot;fade&quot;,&quot;background_slideshow_transition_duration&quot;:500}\">\n\t\t\t\t\t<div class=\"e-con-inner\">\n\t\t<div class=\"elementor-element elementor-element-8c50b8d e-con-full e-flex e-con e-child\" data-id=\"8c50b8d\" data-element_type=\"container\">\n\t\t<div class=\"elementor-element elementor-element-3fa00486 e-con-full e-flex e-con e-child\" data-id=\"3fa00486\" data-element_type=\"container\">\n\t\t\t\t<div class=\"elementor-element elementor-element-8e5c830 elementor-widget elementor-widget-spacer\" data-id=\"8e5c830\" data-element_type=\"widget\" data-widget_type=\"spacer.default\">\n\t\t\t\t<div class=\"elementor-widget-container\">\n\t\t\t\t\t<div class=\"elementor-spacer\">\n\t\t\t<div class=\"elementor-spacer-inner\"><\/div>\n\t\t<\/div>\n\t\t\t\t<\/div>\n\t\t\t\t<\/div>\n\t\t\t\t<div class=\"elementor-element elementor-element-1ec173f1 elementor-widget elementor-widget-heading\" data-id=\"1ec173f1\" data-element_type=\"widget\" data-widget_type=\"heading.default\">\n\t\t\t\t<div class=\"elementor-widget-container\">\n\t\t\t<h3 class=\"elementor-heading-title elementor-size-default\">PERFIL DEL EGRESADO<\/h3>\t\t<\/div>\n\t\t\t\t<\/div>\n\t\t\t\t<div class=\"elementor-element elementor-element-6f6f7ca0 elementor-widget elementor-widget-text-editor\" data-id=\"6f6f7ca0\" data-element_type=\"widget\" data-widget_type=\"text-editor.default\">\n\t\t\t\t<div class=\"elementor-widget-container\">\n\t\t\t\t\t\t\t<p class=\"ql-align-justify\" style=\"font-size: 16px; font-style: normal; font-weight: 400; color: #181717; text-align: start;\">Es un curso con alta salida laboral que le permite al egresado, trabajar en las mejores cadenas de peluquer\u00edas como as\u00ed tambi\u00e9n trabajar en forma independiente, totalmente auto gestionable y pr\u00e1ctico.<\/p><div>\u00a0<\/div>\t\t\t\t\t\t<\/div>\n\t\t\t\t<\/div>\n\t\t\t\t<\/div>\n\t\t\t\t<div class=\"elementor-element elementor-element-72eb8ee elementor-widget elementor-widget-text-editor\" data-id=\"72eb8ee\" data-element_type=\"widget\" data-widget_type=\"text-editor.default\">\n\t\t\t\t<div class=\"elementor-widget-container\">\n\t\t\t\t\t\t\t<p class=\"ql-align-justify\">Un esteticista se enfoca al cuidado del rostro y tambi\u00e9n del cuerpo, en forma espec\u00edfica y superficial.<\/p><p class=\"ql-align-justify\">En este sentido los egresados de este curso obtendr\u00e1n las habilidades y competencias que atiende todo lo relativo a:<\/p><ul><li class=\"ql-align-justify\">Mercadear productos y servicios para la imagen personal de acuerdo con principios \u00e9ticos y normativa legal vigente.<\/li><li class=\"ql-align-justify\">Personalizar tratamientos corporales de naturaleza no invasiva con base en una valoraci\u00f3n y protocolo est\u00e9tico.<\/li><li class=\"ql-align-justify\">Personalizar tratamientos faciales de naturaleza no invasiva con base en una valoraci\u00f3n y protocolo est\u00e9tico.<\/li><li class=\"ql-align-justify\">Prestar servicios de spa seg\u00fan protocolo establecido.<\/li><li class=\"ql-align-justify\">Epilar y depilar el vello con base en m\u00e9todos no invasivos.<\/li><\/ul>\t\t\t\t\t\t<\/div>\n\t\t\t\t<\/div>\n\t\t\t\t<\/div>\n\t\t\t\t\t<\/div>\n\t\t\t\t<\/div>\n\t\t\t\t<\/div>\n\t\t","protected":false},"excerpt":{"rendered":"<p>MATRICULAS ABIERTAS Cursos de Est\u00e9tica y cosmetolog\u00eda, orientados a la formaci\u00f3n profesional en la primerea etapa educativa. Contacto Est\u00e9tica y [&hellip;]<\/p>\n","protected":false},"author":1,"featured_media":0,"parent":0,"menu_order":0,"comment_status":"closed","ping_status":"closed","template":"elementor_header_footer","meta":{"site-sidebar-layout":"no-sidebar","site-content-layout":"","ast-site-content-layout":"full-width-container","site-content-style":"default","site-sidebar-style":"default","ast-global-header-display":"","ast-banner-title-visibility":"","ast-main-header-display":"","ast-hfb-above-header-display":"","ast-hfb-below-header-display":"","ast-hfb-mobile-header-display":"","site-post-title":"disabled","ast-breadcrumbs-content":"","ast-featured-img":"disabled","footer-sml-layout":"","theme-transparent-header-meta":"","adv-header-id-meta":"","stick-header-meta":"","header-above-stick-meta":"","header-main-stick-meta":"","header-below-stick-meta":"","astra-migrate-meta-layouts":"default","ast-page-background-enabled":"default","ast-page-background-meta":{"desktop":{"background-color":"var(--ast-global-color-4)","background-image":"","background-repeat":"repeat","background-position":"center center","background-size":"auto","background-attachment":"scroll","background-type":"","background-media":"","overlay-type":"","overlay-color":"","overlay-opacity":"","overlay-gradient":""},"tablet":{"background-color":"","background-image":"","background-repeat":"repeat","background-position":"center center","background-size":"auto","background-attachment":"scroll","background-type":"","background-media":"","overlay-type":"","overlay-color":"","overlay-opacity":"","overlay-gradient":""},"mobile":{"background-color":"","background-image":"","background-repeat":"repeat","background-position":"center center","background-size":"auto","background-attachment":"scroll","background-type":"","background-media":"","overlay-type":"","overlay-color":"","overlay-opacity":"","overlay-gradient":""}},"ast-content-background-meta":{"desktop":{"background-color":"var(--ast-global-color-5)","background-image":"","background-repeat":"repeat","background-position":"center center","background-size":"auto","background-attachment":"scroll","background-type":"","background-media":"","overlay-type":"","overlay-color":"","overlay-opacity":"","overlay-gradient":""},"tablet":{"background-color":"var(--ast-global-color-5)","background-image":"","background-repeat":"repeat","background-position":"center center","background-size":"auto","background-attachment":"scroll","background-type":"","background-media":"","overlay-type":"","overlay-color":"","overlay-opacity":"","overlay-gradient":""},"mobile":{"background-color":"var(--ast-global-color-5)","background-image":"","background-repeat":"repeat","background-position":"center center","background-size":"auto","background-attachment":"scroll","background-type":"","background-media":"","overlay-type":"","overlay-color":"","overlay-opacity":"","overlay-gradient":""}},"footnotes":""},"class_list":["post-96","page","type-page","status-publish","hentry"],"_links":{"self":[{"href":"https:\/\/institutoapec.edu.pa\/index.php?rest_route=\/wp\/v2\/pages\/96"}],"collection":[{"href":"https:\/\/institutoapec.edu.pa\/index.php?rest_route=\/wp\/v2\/pages"}],"about":[{"href":"https:\/\/institutoapec.edu.pa\/index.php?rest_route=\/wp\/v2\/types\/page"}],"author":[{"embeddable":true,"href":"https:\/\/institutoapec.edu.pa\/index.php?rest_route=\/wp\/v2\/users\/1"}],"replies":[{"embeddable":true,"href":"https:\/\/institutoapec.edu.pa\/index.php?rest_route=%2Fwp%2Fv2%2Fcomments&post=96"}],"version-history":[{"count":124,"href":"https:\/\/institutoapec.edu.pa\/index.php?rest_route=\/wp\/v2\/pages\/96\/revisions"}],"predecessor-version":[{"id":1292,"href":"https:\/\/institutoapec.edu.pa\/index.php?rest_route=\/wp\/v2\/pages\/96\/revisions\/1292"}],"wp:attachment":[{"href":"https:\/\/institutoapec.edu.pa\/index.php?rest_route=%2Fwp%2Fv2%2Fmedia&parent=96"}],"curies":[{"name":"wp","href":"https:\/\/api.w.org\/{rel}","templated":true}]}}